{"id":3,"date":"2018-08-04T13:09:37","date_gmt":"2018-08-04T13:09:37","guid":{"rendered":"http:\/\/canal3argentina.tv\/?page_id=3"},"modified":"2018-08-13T13:21:34","modified_gmt":"2018-08-13T13:21:34","slug":"privacy-policy","status":"publish","type":"page","link":"https:\/\/canal3argentina.tv\/index.php\/privacy-policy\/","title":{"rendered":"Politicas de Privacidad"},"content":{"rendered":"<h2>Quienes somos<\/h2>\n<p>La direcci\u00f3n de nuestro sitio web es: http:\/\/canal3argentina.tv.<\/p>\n<h2>Qu\u00e9 datos personales recopilamos y por qu\u00e9 los recopilamos<\/h2>\n<h3>Comentarios<\/h3>\n<p>Cuando los visitantes dejan comentarios en el sitio, recopilamos los datos que se muestran en el formulario de comentarios, y tambi\u00e9n la direcci\u00f3n IP del visitante y la cadena del agente del usuario del navegador para ayudar a detectar el correo no deseado.<\/p>\n<p>Se puede proporcionar una cadena an\u00f3nima creada desde su direcci\u00f3n de correo electr\u00f3nico (tambi\u00e9n llamada hash) al servicio Gravatar para ver si la est\u00e1 usando.\u00a0La pol\u00edtica de privacidad del servicio Gravatar est\u00e1 disponible aqu\u00ed: https:\/\/automattic.com\/privacy\/.\u00a0Despu\u00e9s de la aprobaci\u00f3n de su comentario, su imagen de perfil es visible para el p\u00fablico en el contexto de su comentario.<\/p>\n<h3>Medios de comunicaci\u00f3n<\/h3>\n<p>Si carga im\u00e1genes al sitio web, debe evitar cargar im\u00e1genes con datos de ubicaci\u00f3n incrustados (GPS EXIF) incluidos.\u00a0Los visitantes del sitio web pueden descargar y extraer cualquier informaci\u00f3n de ubicaci\u00f3n de las im\u00e1genes en el sitio web.<\/p>\n<h3>Formularios de contacto<\/h3>\n<h3>Cookies<\/h3>\n<p>Si deja un comentario en nuestro sitio, puede optar por guardar su nombre, direcci\u00f3n de correo electr\u00f3nico y sitio web en las cookies.\u00a0Estos son para su conveniencia para que no tenga que volver a ingresar sus datos cuando deje otro comentario.\u00a0Estas cookies durar\u00e1n un a\u00f1o.<\/p>\n<p>Si tiene una cuenta e inicia sesi\u00f3n en este sitio, configuraremos una cookie temporal para determinar si su navegador acepta cookies.\u00a0Esta cookie no contiene datos personales y se descarta al cerrar el navegador.<\/p>\n<p>Cuando inicie sesi\u00f3n, tambi\u00e9n configuraremos varias cookies para guardar su informaci\u00f3n de inicio de sesi\u00f3n y sus opciones de visualizaci\u00f3n en pantalla.\u00a0Las cookies de inicio de sesi\u00f3n duran dos d\u00edas y las cookies de opciones de pantalla duran un a\u00f1o.\u00a0Si selecciona &#8220;Recordarme&#8221;, su inicio de sesi\u00f3n se mantendr\u00e1 durante dos semanas.\u00a0Si cierra la sesi\u00f3n de su cuenta, se eliminar\u00e1n las cookies de inicio de sesi\u00f3n.<\/p>\n<p>Si edita o publica un art\u00edculo, se guardar\u00e1 una cookie adicional en su navegador.\u00a0Esta cookie no incluye datos personales y simplemente indica la ID de publicaci\u00f3n del art\u00edculo que acaba de editar.\u00a0Caduca despu\u00e9s de 1 d\u00eda.<\/p>\n<h3>Contenido incrustado de otros sitios web<\/h3>\n<p>Los art\u00edculos en este sitio pueden incluir contenido incrustado (por ejemplo, videos, im\u00e1genes, art\u00edculos, etc.).\u00a0El contenido incrustado de otros sitios web se comporta de la misma manera que si el visitante hubiera visitado el otro sitio web.<\/p>\n<p>Estos sitios web pueden recopilar datos sobre usted, usar cookies, incrustar un seguimiento adicional de terceros y supervisar su interacci\u00f3n con ese contenido incrustado, incluido el seguimiento de su interacci\u00f3n con el contenido incrustado si tiene una cuenta y ha iniciado sesi\u00f3n en ese sitio web.<\/p>\n<h3>Anal\u00edtica<\/h3>\n<h2>Con qui\u00e9n compartimos tus datos<\/h2>\n<h2>Cu\u00e1nto tiempo conservamos sus datos<\/h2>\n<p>Si deja un comentario, el comentario y sus metadatos se conservan indefinidamente.\u00a0Esto es para que podamos reconocer y aprobar cualquier comentario de seguimiento de forma autom\u00e1tica en lugar de mantenerlos en una cola de moderaci\u00f3n.<\/p>\n<p>Para los usuarios que se registran en nuestro sitio web (si corresponde), tambi\u00e9n almacenamos la informaci\u00f3n personal que proporcionan en su perfil de usuario.\u00a0Todos los usuarios pueden ver, editar o eliminar su informaci\u00f3n personal en cualquier momento (excepto que no pueden cambiar su nombre de usuario).\u00a0Los administradores del sitio web tambi\u00e9n pueden ver y editar esa informaci\u00f3n.<\/p>\n<h2>Qu\u00e9 derechos tienes sobre tus datos<\/h2>\n<p>Si tiene una cuenta en este sitio o ha dejado comentarios, puede solicitar recibir un archivo exportado de los datos personales que tenemos sobre usted, incluidos los datos que nos haya proporcionado.\u00a0Tambi\u00e9n puede solicitar que borremos cualquier dato personal que tengamos sobre usted.\u00a0Esto no incluye datos que estamos obligados a mantener para fines administrativos, legales o de seguridad.<\/p>\n<h2>Donde enviamos sus datos<\/h2>\n<p>Los comentarios de los visitantes se pueden verificar a trav\u00e9s de un servicio autom\u00e1tico de detecci\u00f3n de spam.<\/p>\n<h2>Tu informaci\u00f3n de contacto<\/h2>\n<h2>Informaci\u00f3n Adicional<\/h2>\n<h3>C\u00f3mo protegemos sus datos<\/h3>\n<h3>\u00bfQu\u00e9 procedimientos de violaci\u00f3n de datos tenemos en marcha?<\/h3>\n<h3>De qu\u00e9 terceros recibimos datos de<\/h3>\n<h3>Qu\u00e9 tomas de decisiones y \/ o perfiles automatizados hacemos con los datos del usuario<\/h3>\n<h3>Requisitos de divulgaci\u00f3n regulatoria de la industria<\/h3>\n","protected":false},"excerpt":{"rendered":"<p>Quienes somos La direcci\u00f3n de nuestro sitio web es: http:\/\/canal3argentina.tv. Qu\u00e9 datos personales recopilamos y por qu\u00e9 los recopilamos Comentarios Cuando los visitantes dejan comentarios en el sitio, recopilamos los datos que se muestran en el formulario de comentarios, y tambi\u00e9n la direcci\u00f3n IP del visitante y la cadena del agente del usuario del navegador &#8230; <a title=\"Politicas de Privacidad\" class=\"read-more\" href=\"https:\/\/canal3argentina.tv\/index.php\/privacy-policy\/\">Read more<span class=\"screen-reader-text\">Politicas de Privacidad<\/span><\/a><\/p>\n","protected":false},"author":1,"featured_media":0,"parent":0,"menu_order":0,"comment_status":"closed","ping_status":"open","template":"","meta":{"footnotes":""},"class_list":["post-3","page","type-page","status-publish"],"_links":{"self":[{"href":"https:\/\/canal3argentina.tv\/index.php\/wp-json\/wp\/v2\/pages\/3","targetHints":{"allow":["GET"]}}],"collection":[{"href":"https:\/\/canal3argentina.tv\/index.php\/wp-json\/wp\/v2\/pages"}],"about":[{"href":"https:\/\/canal3argentina.tv\/index.php\/wp-json\/wp\/v2\/types\/page"}],"author":[{"embeddable":true,"href":"https:\/\/canal3argentina.tv\/index.php\/wp-json\/wp\/v2\/users\/1"}],"replies":[{"embeddable":true,"href":"https:\/\/canal3argentina.tv\/index.php\/wp-json\/wp\/v2\/comments?post=3"}],"version-history":[{"count":1,"href":"https:\/\/canal3argentina.tv\/index.php\/wp-json\/wp\/v2\/pages\/3\/revisions"}],"predecessor-version":[{"id":596,"href":"https:\/\/canal3argentina.tv\/index.php\/wp-json\/wp\/v2\/pages\/3\/revisions\/596"}],"wp:attachment":[{"href":"https:\/\/canal3argentina.tv\/index.php\/wp-json\/wp\/v2\/media?parent=3"}],"curies":[{"name":"wp","href":"https:\/\/api.w.org\/{rel}","templated":true}]}}